{"id":2125,"date":"2024-03-06T13:49:18","date_gmt":"2024-03-06T13:49:18","guid":{"rendered":"https:\/\/of1capital.com\/?page_id=2125"},"modified":"2024-05-03T09:27:09","modified_gmt":"2024-05-03T09:27:09","slug":"our-services","status":"publish","type":"page","link":"https:\/\/of1capital.com\/es\/our-services\/","title":{"rendered":"Servicios"},"content":{"rendered":"<p>[et_pb_section fb_built=&#8221;1&#8243; _builder_version=&#8221;4.24.2&#8243; _module_preset=&#8221;default&#8221; global_colors_info=&#8221;{}&#8221; theme_builder_area=&#8221;post_content&#8221;][et_pb_row column_structure=&#8221;1_2,1_2&#8243; use_custom_gutter=&#8221;on&#8221; gutter_width=&#8221;2&#8243; _builder_version=&#8221;4.24.2&#8243; _module_preset=&#8221;default&#8221; global_colors_info=&#8221;{}&#8221; theme_builder_area=&#8221;post_content&#8221;][et_pb_column type=&#8221;1_2&#8243; _builder_version=&#8221;4.24.2&#8243; _module_preset=&#8221;default&#8221; global_colors_info=&#8221;{}&#8221; theme_builder_area=&#8221;post_content&#8221;][et_pb_image src=&#8221;https:\/\/of1capital.com\/wp-content\/uploads\/2024\/01\/Services-03.jpg&#8221; _builder_version=&#8221;4.24.2&#8243; _module_preset=&#8221;default&#8221; border_radii=&#8221;on|10px|10px|10px|10px&#8221; box_shadow_style=&#8221;preset3&#8243; global_colors_info=&#8221;{}&#8221; theme_builder_area=&#8221;post_content&#8221;][\/et_pb_image][\/et_pb_column][et_pb_column type=&#8221;1_2&#8243; _builder_version=&#8221;4.24.2&#8243; _module_preset=&#8221;default&#8221; global_colors_info=&#8221;{}&#8221; theme_builder_area=&#8221;post_content&#8221;][dipi_dual_heading first_heading=&#8221;RIGHT TIME, RIGHT PERSON&#8221; second_heading=&#8221;SPECIAL OPPORTUNITIES&#8221; heading_display=&#8221;column&#8221; _builder_version=&#8221;4.24.2&#8243; _module_preset=&#8221;default&#8221; first_heading_font=&#8221;Roboto|300|||||||&#8221; first_heading_text_color=&#8221;#E09900&#8243; first_heading_font_size=&#8221;20px&#8221; second_heading_text_color=&#8221;#022D4F&#8221; second_heading_font_size=&#8221;31px&#8221; second_heading_line_height=&#8221;1em&#8221; text_orientation=&#8221;left&#8221; global_colors_info=&#8221;{}&#8221; theme_builder_area=&#8221;post_content&#8221;][\/dipi_dual_heading][et_pb_text _builder_version=&#8221;4.24.2&#8243; _module_preset=&#8221;default&#8221; text_text_color=&#8221;#022D4F&#8221; global_colors_info=&#8221;{}&#8221; theme_builder_area=&#8221;post_content&#8221;]At OF1, we understand that business opportunities know no borders. Our global network is a link to a world of possibilities. Choosing OF1 you\u2019re not just choosing an investment firm but a strategic partner with a network that unlocks privileged opportunities in the dynamic global business landscape.[\/et_pb_text][et_pb_text disabled_on=&#8221;on|on|on&#8221; _builder_version=&#8221;4.25.0&#8243; _module_preset=&#8221;default&#8221; disabled=&#8221;on&#8221; locked=&#8221;off&#8221; global_colors_info=&#8221;{}&#8221; theme_builder_area=&#8221;post_content&#8221;]<\/p>\n<div class=\"contiene-boton\"><a href=\"\/contact-us\" class=\"boton-principal negro\">DISCOVER OPPORTUNITIES<\/a><\/div>\n<p>[\/et_pb_text][\/et_pb_column][\/et_pb_row][\/et_pb_section][et_pb_section fb_built=&#8221;1&#8243; _builder_version=&#8221;4.24.2&#8243; _module_preset=&#8221;default&#8221; background_color=&#8221;#F4F4F4&#8243; global_colors_info=&#8221;{}&#8221; theme_builder_area=&#8221;post_content&#8221;][et_pb_row column_structure=&#8221;1_2,1_2&#8243; use_custom_gutter=&#8221;on&#8221; gutter_width=&#8221;2&#8243; _builder_version=&#8221;4.24.2&#8243; _module_preset=&#8221;default&#8221; global_colors_info=&#8221;{}&#8221; theme_builder_area=&#8221;post_content&#8221;][et_pb_column type=&#8221;1_2&#8243; _builder_version=&#8221;4.24.2&#8243; _module_preset=&#8221;default&#8221; global_colors_info=&#8221;{}&#8221; theme_builder_area=&#8221;post_content&#8221;][dipi_dual_heading first_heading=&#8221;ENDLESS OPPORTUNITIES&#8221; second_heading=&#8221;REAL ESTATE&#8221; heading_display=&#8221;column&#8221; _builder_version=&#8221;4.24.2&#8243; _module_preset=&#8221;default&#8221; first_heading_font=&#8221;Roboto|300|||||||&#8221; first_heading_text_color=&#8221;#E09900&#8243; first_heading_font_size=&#8221;20px&#8221; second_heading_text_color=&#8221;#022D4F&#8221; second_heading_font_size=&#8221;31px&#8221; second_heading_line_height=&#8221;1em&#8221; text_orientation=&#8221;left&#8221; global_colors_info=&#8221;{}&#8221; theme_builder_area=&#8221;post_content&#8221;][\/dipi_dual_heading][et_pb_text _builder_version=&#8221;4.24.2&#8243; _module_preset=&#8221;default&#8221; text_text_color=&#8221;#022D4F&#8221; global_colors_info=&#8221;{}&#8221; theme_builder_area=&#8221;post_content&#8221;]At the heart of our success at OF1 lies a proprietary network of investors and partners that grants us unparalleled access to a diverse array of private market opportunities.<\/p>\n<p>Our strength lies not just in the breadth of these opportunities but in our ability to swiftly execute and expertly structure deals, allowing us to dynamically participate in various business development ventures.[\/et_pb_text][et_pb_text disabled_on=&#8221;on|on|on&#8221; _builder_version=&#8221;4.25.0&#8243; _module_preset=&#8221;default&#8221; disabled=&#8221;on&#8221; locked=&#8221;off&#8221; global_colors_info=&#8221;{}&#8221; theme_builder_area=&#8221;post_content&#8221;]<\/p>\n<div class=\"contiene-boton\"><a href=\"\/contact-us\" class=\"boton-principal negro\">VIEW OUR PORTFOLIO<\/a><\/div>\n<p>[\/et_pb_text][\/et_pb_column][et_pb_column type=&#8221;1_2&#8243; _builder_version=&#8221;4.24.2&#8243; _module_preset=&#8221;default&#8221; global_colors_info=&#8221;{}&#8221; theme_builder_area=&#8221;post_content&#8221;][et_pb_image src=&#8221;https:\/\/of1capital.com\/wp-content\/uploads\/2024\/01\/Services-02.jpg&#8221; alt=&#8221;Fotograf\u00eda muestra esquina de una mansi\u00f3n edificio lujoso de color blanco con formas geom\u00e9tricas y muchas ventanas de cristal&#8221; title_text=&#8221;Detail,Of,Modern,Architecture,Building,With,Copy,Space,On,The&#8221; _builder_version=&#8221;4.24.2&#8243; _module_preset=&#8221;default&#8221; border_radii=&#8221;on|10px|10px|10px|10px&#8221; box_shadow_style=&#8221;preset3&#8243; global_colors_info=&#8221;{}&#8221; theme_builder_area=&#8221;post_content&#8221;][\/et_pb_image][\/et_pb_column][\/et_pb_row][\/et_pb_section][et_pb_section fb_built=&#8221;1&#8243; _builder_version=&#8221;4.24.2&#8243; _module_preset=&#8221;default&#8221; background_enable_color=&#8221;off&#8221; global_colors_info=&#8221;{}&#8221; theme_builder_area=&#8221;post_content&#8221;][et_pb_row column_structure=&#8221;1_2,1_2&#8243; use_custom_gutter=&#8221;on&#8221; gutter_width=&#8221;2&#8243; _builder_version=&#8221;4.24.2&#8243; _module_preset=&#8221;default&#8221; global_colors_info=&#8221;{}&#8221; theme_builder_area=&#8221;post_content&#8221;][et_pb_column type=&#8221;1_2&#8243; _builder_version=&#8221;4.24.2&#8243; _module_preset=&#8221;default&#8221; global_colors_info=&#8221;{}&#8221; theme_builder_area=&#8221;post_content&#8221;][et_pb_image src=&#8221;https:\/\/of1capital.com\/wp-content\/uploads\/2024\/01\/Services-01-e1705492117139.jpg&#8221; alt=&#8221;Fotograf\u00eda muestra edificio de negocios muy luminoso mientras una pareja de empleados suben las escaleras hacia c\u00e1mara y hablan entre ellos. Son un hombre y una mujer&#8221; title_text=&#8221;Young,Startup,Team,Have,A,Discussion,While,Climbing,On,The&#8221; _builder_version=&#8221;4.24.2&#8243; _module_preset=&#8221;default&#8221; border_radii=&#8221;on|10px|10px|10px|10px&#8221; box_shadow_style=&#8221;preset3&#8243; global_colors_info=&#8221;{}&#8221; theme_builder_area=&#8221;post_content&#8221;][\/et_pb_image][\/et_pb_column][et_pb_column type=&#8221;1_2&#8243; _builder_version=&#8221;4.24.2&#8243; _module_preset=&#8221;default&#8221; global_colors_info=&#8221;{}&#8221; theme_builder_area=&#8221;post_content&#8221;][dipi_dual_heading first_heading=&#8221;NEAT STRATEGY, ASSURED RETURN&#8221; second_heading=&#8221;PRIVATE EQUITY&#8221; heading_display=&#8221;column&#8221; _builder_version=&#8221;4.24.2&#8243; _module_preset=&#8221;default&#8221; first_heading_font=&#8221;Roboto|300|||||||&#8221; first_heading_text_color=&#8221;#E09900&#8243; first_heading_font_size=&#8221;20px&#8221; second_heading_text_color=&#8221;#022D4F&#8221; second_heading_font_size=&#8221;31px&#8221; second_heading_line_height=&#8221;1em&#8221; text_orientation=&#8221;left&#8221; global_colors_info=&#8221;{}&#8221; theme_builder_area=&#8221;post_content&#8221;][\/dipi_dual_heading][et_pb_text _builder_version=&#8221;4.24.2&#8243; _module_preset=&#8221;default&#8221; text_text_color=&#8221;#022D4F&#8221; global_colors_info=&#8221;{}&#8221; theme_builder_area=&#8221;post_content&#8221;]At OF1, our focus is not only on seizing opportunities but also on diversifying across key sectors to maximize potential returns. We direct our attention to sectors such as Healthcare, Logistics, Agriculture, Media &#038; Entertainment, and beyond.<\/p>\n<p>Our exclusive network serves as a gateway to a spectrum of potential investments, ranging from infrastructure projects and pre-IPO ventures to IPOs, privatizations, and targeted non-bank lending opportunities[\/et_pb_text][et_pb_text disabled_on=&#8221;on|on|on&#8221; _builder_version=&#8221;4.25.0&#8243; _module_preset=&#8221;default&#8221; disabled=&#8221;on&#8221; locked=&#8221;off&#8221; global_colors_info=&#8221;{}&#8221; theme_builder_area=&#8221;post_content&#8221;]<\/p>\n<div class=\"contiene-boton\"><a href=\"\/contact-us\" class=\"boton-principal negro\">EXPLORE PRIVATE EQUITY<\/a><\/div>\n<p>[\/et_pb_text][\/et_pb_column][\/et_pb_row][\/et_pb_section]<\/p>\n","protected":false},"excerpt":{"rendered":"<p><div class=\"et_pb_module dipi_dual_heading dipi_dual_heading_0\">\n\t\t\t\t\n\t\t\t\t\n\t\t\t\t\n\t\t\t\t\n\t\t\t\t\n\t\t\t\t\n\t\t\t\t<div class=\"et_pb_module_inner\">\n\t\t\t\t\t\n                <div class=\"dipi-dual-heading \">\n                    <h2 class=\"dipi-dh-main\">\n                        <span class=\"dipi-dh-first-heading\">\n                            <span class=\"dipi-dh-animation-container\">\n                                <span class=\"dipi-dh-bg-container\">\n                                    RIGHT TIME, RIGHT PERSON\n                                <\/span>\n                            <\/span>\n                        <\/span>\n                        <span class=\"dipi-dh-second-heading\">\n                            <span class=\"dipi-dh-animation-container\">\n                                <span class=\"dipi-dh-bg-container\">\n                                    SPECIAL OPPORTUNITIES\n                                <\/span>\n                            <\/span>\n                        <\/span>\n                    <\/h2>\n                <\/div>\n\t\t\t\t<\/div>\n\t\t\t<\/div>At OF1, we understand that business opportunities know no borders. Our global network is a link to a world of possibilities. Choosing OF1 you\u2019re not just choosing an investment firm but a strategic partner with a network [&hellip;]<\/p>\n","protected":false},"author":3,"featured_media":0,"parent":0,"menu_order":0,"comment_status":"closed","ping_status":"closed","template":"","meta":{"_et_pb_use_builder":"on","_et_pb_old_content":"<!-- wp:divi\/placeholder \/-->","_et_gb_content_width":"","inline_featured_image":false,"footnotes":""},"dipi_cpt_category":[],"class_list":["post-2125","page","type-page","status-publish","hentry"],"_links":{"self":[{"href":"https:\/\/of1capital.com\/es\/wp-json\/wp\/v2\/pages\/2125","targetHints":{"allow":["GET"]}}],"collection":[{"href":"https:\/\/of1capital.com\/es\/wp-json\/wp\/v2\/pages"}],"about":[{"href":"https:\/\/of1capital.com\/es\/wp-json\/wp\/v2\/types\/page"}],"author":[{"embeddable":true,"href":"https:\/\/of1capital.com\/es\/wp-json\/wp\/v2\/users\/3"}],"replies":[{"embeddable":true,"href":"https:\/\/of1capital.com\/es\/wp-json\/wp\/v2\/comments?post=2125"}],"version-history":[{"count":0,"href":"https:\/\/of1capital.com\/es\/wp-json\/wp\/v2\/pages\/2125\/revisions"}],"wp:attachment":[{"href":"https:\/\/of1capital.com\/es\/wp-json\/wp\/v2\/media?parent=2125"}],"wp:term":[{"taxonomy":"dipi_cpt_category","embeddable":true,"href":"https:\/\/of1capital.com\/es\/wp-json\/wp\/v2\/dipi_cpt_category?post=2125"}],"curies":[{"name":"wp","href":"https:\/\/api.w.org\/{rel}","templated":true}]}}